{"id":8,"date":"2017-08-12T16:26:37","date_gmt":"2017-08-12T14:26:37","guid":{"rendered":"http:\/\/www.atinformatica.net\/new\/?page_id=8"},"modified":"2017-10-12T11:36:33","modified_gmt":"2017-10-12T09:36:33","slug":"chi-siamo","status":"publish","type":"page","link":"https:\/\/www.atinformatica.net\/new\/chi-siamo\/","title":{"rendered":"Chi siamo"},"content":{"rendered":"<p><span style=\"font-family: Verdana,Arial,Helvetica,sans-serif;\">Siamo un piccola software house e <\/span><span style=\"color: black; font-family: Verdana,Arial,Helvetica,sans-serif;\"><strong>lavoriamo nel campo della programmazione da oltre 27 anni.<\/strong><br \/>\nLa nostra mission \u00e8 quella di fornire alle piccole e medie aziende un prodotto software completo che pemetta loro anche di proporsi nel mercato come un&#8217;azienda green, in grado cio\u00e8 di lavorare senza l&#8217;utilizzo della carta.<br \/>\nIl rispetto dell&#8217;abiente oggi si integra benissimo anche con lo sviluppo tecnologico: grazie al lavoro senza carta si possono accedere a tutti i dati dell&#8217;azienda anche se non ci si trova fisicamente in ufficio.<br \/>\nProprio per essere in linea con le ultime tecnologie siamo in continuo aggiornamento.<\/span><\/p>\n<p>Il nostro team di programmatori si occupa di:<\/p>\n<ul>\n<li style=\"list-style-type: none;\"><strong>Studiare software e soluzioni aziendali personalizzate<\/strong> in modo da venire incontro alle esigenze del cliente;<\/li>\n<\/ul>\n<p><strong>Mantenere in continuo aggiornamento la nostra Suite Arabesque<\/strong>, che comprende i moduli di contabilit\u00e0, fatturazione, gestione magazzino,\u00a0 fatturazione elettronica e il modulo di gestione documentale, \u00e8 per noi un&#8217;impegno giornalierio.<br \/>\nNata nella versione MS-Dos per parecchi anni \u00e8 stato il software di punta della nostra societ\u00e0. Con il passare del tempo la nostra software house si \u00e8 impegnata nel riscrivere la suite in modo potesse funzionare in tutti i sistemi Microsoft in modo da sfruttarne caratteristiche e potenzialit\u00e0.<br \/>\n<strong>Ci siamo impegnati a creare nuovi moduli<\/strong> e in particolare quello che permette la gestione della <strong>fattura elettronica sia alle pubbliche amministrazioni che a tutte le altre aziende<\/strong>.<br \/>\nAbbiamo creato anche un <strong>modulo che permette l&#8217;acquisizione delle fatture elettroniche direttamente all&#8217;interno della contabilit\u00e0<\/strong> in maniera automatica.<br \/>\nAbbiamo inoltre creato il <strong>modulo della gestione documentale<\/strong> per portare l&#8217;azienda a lavorare senza carta;<\/p>\n<p><strong>Mantenere in continuo aggiornamento il nostro software per la &#8220;Gestione dei broker assicurativi&#8221;<\/strong>; la forte collaborazione con un nostro partner ci ha permesso di creare un prodotto totalmente personalizzabile ed adattabile alle varie esigenze che si presentano.<\/p>\n<p><span style=\"color: black; font-family: Verdana,Arial,Helvetica,sans-serif;\"><strong>Proporre alle aziende delle soluzioni hardware e software complete<\/strong> per avere un unico interlocutore a cui rivolgersi in caso di richieste o problematiche.<\/span>I nostri software funzionano su tutti i sistemi operativi Microsoft compreso anche i sistemi che lavorano in ambiente terminal server.<\/p>\n<p><strong>Proporre ai nostri clienti consulenza e progettazione di siti internet aziendali\u00a0<\/strong>oltre che alla registrazione, al mantenimento dei domini internet e la gestione professionale della posta elettronica; la nostra azienda \u00e8 stata la prima ad aprire un nodo internet a Schio.<\/p>\n<p><strong>Proponiamo soluzioni grafiche<\/strong> per aumentare la vostra visibilit\u00e0 nel mondo degli affari <strong>grazie alla parttnership con lo studio grafico RubinaTognazzi.it<\/strong><\/p>\n<p><strong>Proponiamo un&#8217;assistenza rapida, precisa e puntuale<\/strong>.<\/p>\n<p>&nbsp;<\/p>\n","protected":false},"excerpt":{"rendered":"<p>Siamo un piccola software house e lavoriamo nel campo della programmazione da oltre 27 anni. La nostra mission \u00e8 quella di fornire alle piccole e medie aziende un prodotto software completo che pemetta loro anche di proporsi nel mercato come un&#8217;azienda green, in grado cio\u00e8 di lavorare senza l&#8217;utilizzo della carta. Il rispetto dell&#8217;abiente oggi &hellip; <\/p>\n<p class=\"link-more\"><a href=\"https:\/\/www.atinformatica.net\/new\/chi-siamo\/\" class=\"more-link\">Leggi tutto<span class=\"screen-reader-text\"> &#8220;Chi siamo&#8221;<\/span><\/a><\/p>\n","protected":false},"author":1,"featured_media":0,"parent":0,"menu_order":0,"comment_status":"closed","ping_status":"closed","template":"","meta":{"footnotes":""},"class_list":["post-8","page","type-page","status-publish","hentry"],"_links":{"self":[{"href":"https:\/\/www.atinformatica.net\/new\/wp-json\/wp\/v2\/pages\/8","targetHints":{"allow":["GET"]}}],"collection":[{"href":"https:\/\/www.atinformatica.net\/new\/wp-json\/wp\/v2\/pages"}],"about":[{"href":"https:\/\/www.atinformatica.net\/new\/wp-json\/wp\/v2\/types\/page"}],"author":[{"embeddable":true,"href":"https:\/\/www.atinformatica.net\/new\/wp-json\/wp\/v2\/users\/1"}],"replies":[{"embeddable":true,"href":"https:\/\/www.atinformatica.net\/new\/wp-json\/wp\/v2\/comments?post=8"}],"version-history":[{"count":10,"href":"https:\/\/www.atinformatica.net\/new\/wp-json\/wp\/v2\/pages\/8\/revisions"}],"predecessor-version":[{"id":79,"href":"https:\/\/www.atinformatica.net\/new\/wp-json\/wp\/v2\/pages\/8\/revisions\/79"}],"wp:attachment":[{"href":"https:\/\/www.atinformatica.net\/new\/wp-json\/wp\/v2\/media?parent=8"}],"curies":[{"name":"wp","href":"https:\/\/api.w.org\/{rel}","templated":true}]}}